{"id":199,"date":"2019-06-05T21:51:28","date_gmt":"2019-06-05T20:51:28","guid":{"rendered":"https:\/\/gkcmaastricht.nl\/?page_id=199"},"modified":"2019-06-05T21:51:28","modified_gmt":"2019-06-05T20:51:28","slug":"empowerment-en-clientparticipatie","status":"publish","type":"page","link":"https:\/\/gkcmaastricht.nl\/en\/empowerment-en-clientparticipatie\/","title":{"rendered":"(Nederlands) EMPOWERMENT EN CLI\u00cbNTPARTICIPATIE"},"content":{"rendered":"<div id=\"pl-199\"  class=\"panel-layout\" ><div id=\"pg-199-0\"  class=\"panel-grid panel-no-style\" ><div id=\"pgc-199-0-0\"  class=\"panel-grid-cell\" ><div id=\"panel-199-0-0-0\" class=\"so-panel widget widget_text panel-first-child panel-last-child\" data-index=\"0\" ><h3 class=\"widget-title\">Empowerment en cli\u00ebntparticipatie<\/h3>\t\t\t<div class=\"textwidget\"><p><strong>&#8216;M\u00e9\u00e9r meedoen!\u2019<\/strong><\/p>\n<p><strong>Onderzoek naar medezeggenschap van cli\u00ebnten in de gebeperkingtenzorg<\/strong><\/p>\n<p><strong>In het project \u2018M\u00e9\u00e9r meedoen!\u2019 hebben het Gouverneur Kremers Centrum van het Maastricht Universitair Medisch Centrum en Koraal Groep de medezeggenschap van cli\u00ebnten ge\u00ebvalueerd. Het onderzoek was gericht op het overleg in en met cli\u00ebntenraden bij Koraal Groep en heeft drie praktische instrumenten opgeleverd waarmee cli\u00ebntenraden hun werkwijze en inbreng kunnen verbeteren.<\/strong><\/p>\n<p>Het samenwerkingsproject werd in 2011 gestart onder de naam \u2018Empowerment en cli\u00ebntparticipatie m.b.t. beleid door en voor cli\u00ebnten met een verstandelijke beperking\u2019. Deze titel werd door cli\u00ebnten omgedoopt tot \u2018M\u00e9\u00e9r meedoen!\u2019. Het project heeft wetenschappelijk onderbouwde kennis opgeleverd over de ervaringen van cli\u00ebnten zelf met medezeggenschap, over verbetering van medezeggenschap in cli\u00ebntenraden in de gebeperkingtenzorg, en over manieren om methoden van medezeggenschap vanuit de ogen van de doelgroep te vergroten. Naast het eindrapport zijn drie praktische instrumenten ontwikkeld waarmee cli\u00ebntenraden hun werkwijze en inbreng kunnen verbeteren. Het betreft een evaluatie-instrument betreffende het functioneren van cli\u00ebntenraden, een checklist voor cli\u00ebntenraden met verbeter- en actiepunten en een richtlijn voor managers om optimaal profijt te trekken uit de adviezen van cli\u00ebntenraden. Het project werd gefinancierd door ZonMw en het VSB-fonds.<\/p>\n<p>Zorginstellingen zijn wettelijk verplicht om een cli\u00ebntenraad in te stellen. De cli\u00ebntenraad vormt het wettelijk kader waarbinnen de medezeggenschap voor en door cli\u00ebnten vorm krijgt. Medezeggenschap is belangrijk, vooral wanneer het gaat om onderwerpen die van direct belang zijn voor het dagelijks leven van cli\u00ebnten. De cli\u00ebntenraden binnen instellingen die ondersteuning bieden aan mensen met een verstandelijke of meervoudige beperking, hebben een eigen dynamiek en kleuring vanwege de mogelijkheden en beperkingen van de doelgroep.<\/p>\n<p>Het eindrapport is\u00a0<a href=\"http:\/\/gkc.daily-cms.com\/files\/gkc\/projecten\/Eindrapport%20M%C3%A9%C3%A9r%20Meedoen%2014-01-2014.pdf\">hier<\/a>\u00a0te downloaden<strong>.\u00a0<\/strong>De volgende praktische tools zijn tevens te raadplegen:<\/p>\n<p><strong>&#8211;<\/strong>\u00a0<a href=\"http:\/\/gkc.daily-cms.com\/files\/gkc\/projecten\/Evaluatie%20instrument%20clientenraad.pdf\">Hoe gaat het in de cli\u00ebntenraad?\u00a0<\/a>Een evaluatie instrument betreffende het functioneren van cli\u00ebntenraden<\/p>\n<p><strong>&#8211;\u00a0<\/strong><a href=\"http:\/\/gkc.daily-cms.com\/files\/gkc\/projecten\/checklist%20voor%20cli%C3%ABntenraden.pdf\">Kunnen we als cli\u00ebntenraad nog beter meedoen?<\/a>\u00a0Een checklist voor cli\u00ebntenraden met verbeter- en actiepunten<\/p>\n<p><strong>&#8211;\u00a0<\/strong><a href=\"http:\/\/gkc.daily-cms.com\/files\/gkc\/projecten\/Van%20medezeggenschap%20naar%20beleid%2010%20gouden%20regels.pdf\">Van medezeggenschap naar beleid<\/a>. 10 gouden regels om optimaal profijt te trekken uit de adviezen van de cli\u00ebntenraad<strong>\u00a0<\/strong><\/p>\n<p>&nbsp;<\/p>\n<p><strong>Meer informatie:<\/strong><\/p>\n<p>Voor meer informatie kunt u contact opnemen met het Gouverneur Kremers Centrum, mailadres: gkc-secretariaat@maastrichtuniversity.nl.<\/p>\n<p><em>Binnen Koraal Groep staan mensen met een beperking of belemmering op verstandelijk, lichamelijk en\/of psychosociaal gebied centraal. Naast de concernstichting bestaat de Koraal Groep uit elf andere stichtingen die verspreid zijn over Noord-Brabant en Limburg. Al deze stichtingen hebben hun eigen karakter en specifieke deskundigheid. Stuk voor stuk maken ze zich sterk voor de persoon die altijd centraal staat bij de zorg en ondersteuning die Koraal Groep biedt: de cli\u00ebnt. Eenheid in verscheidenheid is daarmee het motto.\u00a0<\/em><\/p>\n<p><a href=\"http:\/\/www.koraalgroep.nl\/\"><em>www.koraalgroep.nl<\/em><\/a><\/p>\n<\/div>\n\t\t<\/div><\/div><\/div><\/div>","protected":false},"excerpt":{"rendered":"<p>&#8216;M\u00e9\u00e9r meedoen!\u2019 Onderzoek naar medezeggenschap van cli\u00ebnten in de gebeperkingtenzorg In het project \u2018M\u00e9\u00e9r meedoen!\u2019 hebben het Gouverneur Kremers Centrum van het Maastricht Universitair Medisch Centrum en Koraal Groep de medezeggenschap van cli\u00ebnten ge\u00ebvalueerd. Het onderzoek was gericht op het overleg in en met cli\u00ebntenraden bij Koraal Groep en heeft drie praktische instrumenten opgeleverd waarmee [&hellip;]<\/p>\n","protected":false},"author":1,"featured_media":0,"parent":0,"menu_order":0,"comment_status":"closed","ping_status":"closed","template":"","meta":{"_exactmetrics_skip_tracking":false,"_exactmetrics_sitenote_active":false,"_exactmetrics_sitenote_note":"","_exactmetrics_sitenote_category":0,"footnotes":""},"yoast_head":"<!-- This site is optimized with the Yoast SEO plugin v22.8 - https:\/\/yoast.com\/wordpress\/plugins\/seo\/ -->\n<title><\/title>\n<meta name=\"robots\" content=\"index, follow, max-snippet:-1, max-image-preview:large, max-video-preview:-1\" \/>\n<link rel=\"canonical\" href=\"https:\/\/gkcmaastricht.nl\/empowerment-en-clientparticipatie\/\" \/>\n<meta property=\"og:locale\" content=\"en_US\" \/>\n<meta property=\"og:type\" content=\"article\" \/>\n<meta property=\"og:title\" content=\"[:nl]EMPOWERMENT EN CLI\u00cbNTPARTICIPATIE[:] - Gouverneur Kremers Centrum\" \/>\n<meta property=\"og:description\" content=\"&#039;M\u00e9\u00e9r meedoen!\u2019 Onderzoek naar medezeggenschap van cli\u00ebnten in de gebeperkingtenzorg In het project \u2018M\u00e9\u00e9r meedoen!\u2019 hebben het Gouverneur Kremers Centrum van het Maastricht Universitair Medisch Centrum en Koraal Groep de medezeggenschap van cli\u00ebnten ge\u00ebvalueerd. Het onderzoek was gericht op het overleg in en met cli\u00ebntenraden bij Koraal Groep en heeft drie praktische instrumenten opgeleverd waarmee [&hellip;]\" \/>\n<meta property=\"og:url\" content=\"https:\/\/gkcmaastricht.nl\/empowerment-en-clientparticipatie\/\" \/>\n<meta property=\"og:site_name\" content=\"Gouverneur Kremers Centrum\" \/>\n<meta name=\"twitter:card\" content=\"summary_large_image\" \/>\n<meta name=\"twitter:label1\" content=\"Est. reading time\" \/>\n\t<meta name=\"twitter:data1\" content=\"2 minutes\" \/>\n<script type=\"application\/ld+json\" class=\"yoast-schema-graph\">{\"@context\":\"https:\/\/schema.org\",\"@graph\":[{\"@type\":\"WebPage\",\"@id\":\"https:\/\/gkcmaastricht.nl\/empowerment-en-clientparticipatie\/\",\"url\":\"https:\/\/gkcmaastricht.nl\/empowerment-en-clientparticipatie\/\",\"name\":\"[:nl]EMPOWERMENT EN CLI\u00cbNTPARTICIPATIE[:] - Gouverneur Kremers Centrum\",\"isPartOf\":{\"@id\":\"https:\/\/gkcmaastricht.nl\/#website\"},\"datePublished\":\"2019-06-05T20:51:28+00:00\",\"dateModified\":\"2019-06-05T20:51:28+00:00\",\"breadcrumb\":{\"@id\":\"https:\/\/gkcmaastricht.nl\/empowerment-en-clientparticipatie\/#breadcrumb\"},\"inLanguage\":\"en-US\",\"potentialAction\":[{\"@type\":\"ReadAction\",\"target\":[\"https:\/\/gkcmaastricht.nl\/empowerment-en-clientparticipatie\/\"]}]},{\"@type\":\"BreadcrumbList\",\"@id\":\"https:\/\/gkcmaastricht.nl\/empowerment-en-clientparticipatie\/#breadcrumb\",\"itemListElement\":[{\"@type\":\"ListItem\",\"position\":1,\"name\":\"Home\",\"item\":\"https:\/\/gkcmaastricht.nl\/\"},{\"@type\":\"ListItem\",\"position\":2,\"name\":\"EMPOWERMENT EN CLI\u00cbNTPARTICIPATIE\"}]},{\"@type\":\"WebSite\",\"@id\":\"https:\/\/gkcmaastricht.nl\/#website\",\"url\":\"https:\/\/gkcmaastricht.nl\/\",\"name\":\"Gouverneur Kremers Centrum\",\"description\":\"Kenniscentrum voor onderzoek naar de zorg voor mensen met een verstandelijke beperking\",\"publisher\":{\"@id\":\"https:\/\/gkcmaastricht.nl\/#organization\"},\"potentialAction\":[{\"@type\":\"SearchAction\",\"target\":{\"@type\":\"EntryPoint\",\"urlTemplate\":\"https:\/\/gkcmaastricht.nl\/?s={search_term_string}\"},\"query-input\":\"required name=search_term_string\"}],\"inLanguage\":\"en-US\"},{\"@type\":\"Organization\",\"@id\":\"https:\/\/gkcmaastricht.nl\/#organization\",\"name\":\"Gouverneur Kremers Centrum\",\"url\":\"https:\/\/gkcmaastricht.nl\/\",\"logo\":{\"@type\":\"ImageObject\",\"inLanguage\":\"en-US\",\"@id\":\"https:\/\/gkcmaastricht.nl\/#\/schema\/logo\/image\/\",\"url\":\"https:\/\/gkcmaastricht.nl\/wp-content\/uploads\/2019\/06\/cropped-GKC-logo2.png\",\"contentUrl\":\"https:\/\/gkcmaastricht.nl\/wp-content\/uploads\/2019\/06\/cropped-GKC-logo2.png\",\"width\":180,\"height\":81,\"caption\":\"Gouverneur Kremers Centrum\"},\"image\":{\"@id\":\"https:\/\/gkcmaastricht.nl\/#\/schema\/logo\/image\/\"}}]}<\/script>\n<!-- \/ Yoast SEO plugin. -->","yoast_head_json":{"title":"[:nl]EMPOWERMENT EN CLI\u00cbNTPARTICIPATIE[:] - Gouverneur Kremers Centrum","robots":{"index":"index","follow":"follow","max-snippet":"max-snippet:-1","max-image-preview":"max-image-preview:large","max-video-preview":"max-video-preview:-1"},"canonical":"https:\/\/gkcmaastricht.nl\/empowerment-en-clientparticipatie\/","og_locale":"en_US","og_type":"article","og_title":"[:nl]EMPOWERMENT EN CLI\u00cbNTPARTICIPATIE[:] - Gouverneur Kremers Centrum","og_description":"'M\u00e9\u00e9r meedoen!\u2019 Onderzoek naar medezeggenschap van cli\u00ebnten in de gebeperkingtenzorg In het project \u2018M\u00e9\u00e9r meedoen!\u2019 hebben het Gouverneur Kremers Centrum van het Maastricht Universitair Medisch Centrum en Koraal Groep de medezeggenschap van cli\u00ebnten ge\u00ebvalueerd. Het onderzoek was gericht op het overleg in en met cli\u00ebntenraden bij Koraal Groep en heeft drie praktische instrumenten opgeleverd waarmee [&hellip;]","og_url":"https:\/\/gkcmaastricht.nl\/empowerment-en-clientparticipatie\/","og_site_name":"Gouverneur Kremers Centrum","twitter_card":"summary_large_image","twitter_misc":{"Est. reading time":"2 minutes"},"schema":{"@context":"https:\/\/schema.org","@graph":[{"@type":"WebPage","@id":"https:\/\/gkcmaastricht.nl\/empowerment-en-clientparticipatie\/","url":"https:\/\/gkcmaastricht.nl\/empowerment-en-clientparticipatie\/","name":"[:nl]EMPOWERMENT EN CLI\u00cbNTPARTICIPATIE[:] - Gouverneur Kremers Centrum","isPartOf":{"@id":"https:\/\/gkcmaastricht.nl\/#website"},"datePublished":"2019-06-05T20:51:28+00:00","dateModified":"2019-06-05T20:51:28+00:00","breadcrumb":{"@id":"https:\/\/gkcmaastricht.nl\/empowerment-en-clientparticipatie\/#breadcrumb"},"inLanguage":"en-US","potentialAction":[{"@type":"ReadAction","target":["https:\/\/gkcmaastricht.nl\/empowerment-en-clientparticipatie\/"]}]},{"@type":"BreadcrumbList","@id":"https:\/\/gkcmaastricht.nl\/empowerment-en-clientparticipatie\/#breadcrumb","itemListElement":[{"@type":"ListItem","position":1,"name":"Home","item":"https:\/\/gkcmaastricht.nl\/"},{"@type":"ListItem","position":2,"name":"EMPOWERMENT EN CLI\u00cbNTPARTICIPATIE"}]},{"@type":"WebSite","@id":"https:\/\/gkcmaastricht.nl\/#website","url":"https:\/\/gkcmaastricht.nl\/","name":"Gouverneur Kremers Centrum","description":"Kenniscentrum voor onderzoek naar de zorg voor mensen met een verstandelijke beperking","publisher":{"@id":"https:\/\/gkcmaastricht.nl\/#organization"},"potentialAction":[{"@type":"SearchAction","target":{"@type":"EntryPoint","urlTemplate":"https:\/\/gkcmaastricht.nl\/?s={search_term_string}"},"query-input":"required name=search_term_string"}],"inLanguage":"en-US"},{"@type":"Organization","@id":"https:\/\/gkcmaastricht.nl\/#organization","name":"Gouverneur Kremers Centrum","url":"https:\/\/gkcmaastricht.nl\/","logo":{"@type":"ImageObject","inLanguage":"en-US","@id":"https:\/\/gkcmaastricht.nl\/#\/schema\/logo\/image\/","url":"https:\/\/gkcmaastricht.nl\/wp-content\/uploads\/2019\/06\/cropped-GKC-logo2.png","contentUrl":"https:\/\/gkcmaastricht.nl\/wp-content\/uploads\/2019\/06\/cropped-GKC-logo2.png","width":180,"height":81,"caption":"Gouverneur Kremers Centrum"},"image":{"@id":"https:\/\/gkcmaastricht.nl\/#\/schema\/logo\/image\/"}}]}},"_links":{"self":[{"href":"https:\/\/gkcmaastricht.nl\/en\/wp-json\/wp\/v2\/pages\/199"}],"collection":[{"href":"https:\/\/gkcmaastricht.nl\/en\/wp-json\/wp\/v2\/pages"}],"about":[{"href":"https:\/\/gkcmaastricht.nl\/en\/wp-json\/wp\/v2\/types\/page"}],"author":[{"embeddable":true,"href":"https:\/\/gkcmaastricht.nl\/en\/wp-json\/wp\/v2\/users\/1"}],"replies":[{"embeddable":true,"href":"https:\/\/gkcmaastricht.nl\/en\/wp-json\/wp\/v2\/comments?post=199"}],"version-history":[{"count":1,"href":"https:\/\/gkcmaastricht.nl\/en\/wp-json\/wp\/v2\/pages\/199\/revisions"}],"predecessor-version":[{"id":200,"href":"https:\/\/gkcmaastricht.nl\/en\/wp-json\/wp\/v2\/pages\/199\/revisions\/200"}],"wp:attachment":[{"href":"https:\/\/gkcmaastricht.nl\/en\/wp-json\/wp\/v2\/media?parent=199"}],"curies":[{"name":"wp","href":"https:\/\/api.w.org\/{rel}","templated":true}]}}